



{"id":16899,"date":"2015-08-13T07:56:33","date_gmt":"2015-08-13T05:56:33","guid":{"rendered":"http:\/\/www.mamencomunicacion.com\/?page_id=16899"},"modified":"2018-07-24T12:46:57","modified_gmt":"2018-07-24T10:46:57","slug":"contacto-2","status":"publish","type":"page","link":"https:\/\/www.mamencomunicacion.com\/index.php\/contacto-2\/","title":{"rendered":"CONTACTO"},"content":{"rendered":"<div class=\"wpb-content-wrapper\"><p>[vc_row full_width=&#8221;false&#8221; parallax=&#8221;&#8221; parallax_image=&#8221;&#8221; bg_attachment=&#8221;&#8221; bg_repeat=&#8221;&#8221; row_responsive_large=&#8221;&#8221; row_responsive_medium=&#8221;&#8221; row_responsive_small=&#8221;&#8221; row_responsive_extra_small=&#8221;&#8221; dt_id=&#8221;&#8221; row_head_color=&#8221;&#8221; row_link_color=&#8221;&#8221; row_link_color_hover=&#8221;&#8221; animation=&#8221;&#8221; type=&#8221;&#8221; enable_parallax=&#8221;&#8221; parallax_speed=&#8221;0.8&#8243; bg_video_color=&#8221;&#8221; poster=&#8221;&#8221; loop=&#8221;&#8221; autoplay=&#8221;&#8221; muted=&#8221;&#8221; controls=&#8221;&#8221; show_btn=&#8221;&#8221; bg_video_src_mp4=&#8221;&#8221; bg_video_src_ogv=&#8221;&#8221; bg_video_src_webm=&#8221;&#8221;][vc_column width=&#8221;1\/1&#8243; animation=&#8221;&#8221; text_align=&#8221;&#8221; column_style=&#8221;&#8221;][vc_column_text]<\/p>\n<p style=\"text-align: center;\">Si quieres ponerte en contacto con nosotros ponemos a tu disposici\u00f3n diferentes canales.<\/p>\n<p style=\"text-align: center;\">Muchas gracias<\/p>\n<p>[\/vc_column_text][vc_empty_space height=&#8221;42px&#8221;][\/vc_column][\/vc_row][vc_row full_width=&#8221;false&#8221; parallax=&#8221;&#8221; parallax_image=&#8221;&#8221; bg_attachment=&#8221;&#8221; bg_repeat=&#8221;&#8221; row_responsive_large=&#8221;&#8221; row_responsive_medium=&#8221;&#8221; row_responsive_small=&#8221;&#8221; row_responsive_extra_small=&#8221;&#8221; dt_id=&#8221;&#8221; row_head_color=&#8221;&#8221; row_link_color=&#8221;&#8221; row_link_color_hover=&#8221;&#8221; animation=&#8221;&#8221; type=&#8221;&#8221; enable_parallax=&#8221;&#8221; parallax_speed=&#8221;0.8&#8243; bg_video_color=&#8221;&#8221; poster=&#8221;&#8221; loop=&#8221;&#8221; autoplay=&#8221;&#8221; muted=&#8221;&#8221; controls=&#8221;&#8221; show_btn=&#8221;&#8221; bg_video_src_mp4=&#8221;&#8221; bg_video_src_ogv=&#8221;&#8221; bg_video_src_webm=&#8221;&#8221;][vc_column width=&#8221;1\/1&#8243; animation=&#8221;&#8221; text_align=&#8221;&#8221; column_style=&#8221;&#8221;][\/vc_column][\/vc_row][vc_row full_width=&#8221;false&#8221; parallax=&#8221;&#8221; parallax_image=&#8221;&#8221; bg_attachment=&#8221;&#8221; bg_repeat=&#8221;&#8221; row_responsive_large=&#8221;&#8221; row_responsive_medium=&#8221;&#8221; row_responsive_small=&#8221;&#8221; row_responsive_extra_small=&#8221;&#8221; dt_id=&#8221;&#8221; row_head_color=&#8221;&#8221; row_link_color=&#8221;&#8221; row_link_color_hover=&#8221;&#8221; animation=&#8221;&#8221; type=&#8221;&#8221; enable_parallax=&#8221;&#8221; parallax_speed=&#8221;0.8&#8243; bg_video_color=&#8221;&#8221; poster=&#8221;&#8221; loop=&#8221;&#8221; autoplay=&#8221;&#8221; muted=&#8221;&#8221; controls=&#8221;&#8221; show_btn=&#8221;&#8221; bg_video_src_mp4=&#8221;&#8221; bg_video_src_ogv=&#8221;&#8221; bg_video_src_webm=&#8221;&#8221;][vc_column width=&#8221;1\/3&#8243; animation=&#8221;&#8221; text_align=&#8221;&#8221; column_style=&#8221;&#8221;]<div id=\"cshero-fancybox69fdd4b4437e4_1778242740\" class=\"cshero-fancybox-wrap  clearfix fancybox-layout5  text-center \" style=\"border-color: transparent;   \">\r\r\n    <style type=\"text\/css\" scoped>\r\r\n        #cshero-fancybox69fdd4b4437e4_1778242740.fancybox-layout5:hover .fancy-icon {\r\r\n            background-color: !important;\r\r\n            border-color: !important;\r\r\n            color:style-1 !important;\r\r\n        }\r\r\n\r\r\n        #cshero-fancybox69fdd4b4437e4_1778242740.fancybox-layout5 .fancy-icon.icon-hover-style-1:after{\r\r\n    \t\t-webkit-border-radius:;\r\r\n    \t\t-moz-border-radius:;\r\r\n    \t\t-ms-border-radius:;\r\r\n    \t\t-o-border-radius:;\r\r\n    \t\tborder-radius:;\r\r\n    \t\tbackground-color:;\r\r\n    \t\tborder-width:;\r\r\n    \t\tborder-style:none;\r\r\n    \t\tborder-color:;\r\r\n\t   }\r\r\n        \r\n\r\r\n        \r\r\n        #cshero-fancybox69fdd4b4437e4_1778242740:hover,\r\r\n        #cshero-fancybox69fdd4b4437e4_1778242740:active,\r\r\n        #cshero-fancybox69fdd4b4437e4_1778242740:focus {\r\r\n            \r\n\r\r\n            \r\n        }\r\r\n\r\r\n        \r\n\r\r\n       \r\n       \r\n\t<\/style>\r\r\n    <div class=\"cshero-fancybox-title-image\">\r\r\n        \r\n        \r\n            <i class=\"fancy-icon icon-hover-style-1 fa fa fa-compass\" style=\"text-align:center; display:inline-block; font-size: 40px; color: #333333;     border-style: none;  \"><\/i>\r\r\n        \r\n        \r\n        <h4 class=\"cshero-fancybox-title-wrap\" style=\"  text-transform: inherit;\">\r\r\n            <span class=\"cshero-title-main\"><\/span>\r\r\n        <\/h4>\r\r\n        \r\n    <\/div>\r\r\n    \r\n        <div class=\"cshero-fancybox-content\">\r\r\n            \r\n                <div class=\"content\">\r\r\n                    <\/p>\n<p style=\"text-align: center;\">C\/ JUAN RAM\u00d3N JIM\u00c9NEZ 8,<br \/>\n28036 MADRID<\/p>\n<p>\r\n                <\/div>\r\r\n            \r\n            \r\r\n            \r\n        <\/div>\r\r\n    \r\n<\/div>\r\r\n[vc_empty_space height=&#8221;22px&#8221;]<div id=\"cshero-fancybox69fdd4b4744a3_1778242740\" class=\"cshero-fancybox-wrap  clearfix fancybox-layout5  text-center \" style=\"border-color: transparent;   \">\r\r\n    <style type=\"text\/css\" scoped>\r\r\n        #cshero-fancybox69fdd4b4744a3_1778242740.fancybox-layout5:hover .fancy-icon {\r\r\n            background-color: !important;\r\r\n            border-color: !important;\r\r\n            color:style-1 !important;\r\r\n        }\r\r\n\r\r\n        #cshero-fancybox69fdd4b4744a3_1778242740.fancybox-layout5 .fancy-icon.icon-hover-style-1:after{\r\r\n    \t\t-webkit-border-radius:;\r\r\n    \t\t-moz-border-radius:;\r\r\n    \t\t-ms-border-radius:;\r\r\n    \t\t-o-border-radius:;\r\r\n    \t\tborder-radius:;\r\r\n    \t\tbackground-color:;\r\r\n    \t\tborder-width:;\r\r\n    \t\tborder-style:none;\r\r\n    \t\tborder-color:;\r\r\n\t   }\r\r\n        \r\n\r\r\n        \r\r\n        #cshero-fancybox69fdd4b4744a3_1778242740:hover,\r\r\n        #cshero-fancybox69fdd4b4744a3_1778242740:active,\r\r\n        #cshero-fancybox69fdd4b4744a3_1778242740:focus {\r\r\n            \r\n\r\r\n            \r\n        }\r\r\n\r\r\n        \r\n\r\r\n       \r\n       \r\n\t<\/style>\r\r\n    <div class=\"cshero-fancybox-title-image\">\r\r\n        \r\n        \r\n            <i class=\"fancy-icon icon-hover-style-1 fa fa fa-phone\" style=\"text-align:center; display:inline-block; font-size: 40px; color: #333333;     border-style: none;  \"><\/i>\r\r\n        \r\n        \r\n        <h4 class=\"cshero-fancybox-title-wrap\" style=\"  text-transform: inherit;\">\r\r\n            <span class=\"cshero-title-main\"><\/span>\r\r\n        <\/h4>\r\r\n        \r\n    <\/div>\r\r\n    \r\n        <div class=\"cshero-fancybox-content\">\r\r\n            \r\n                <div class=\"content\">\r\r\n                    <\/p>\n<p style=\"text-align: center;\">91 345 66 46<\/p>\n<p style=\"text-align: center;\">666 695 794<\/p>\n<p>\r\n                <\/div>\r\r\n            \r\n            \r\r\n            \r\n        <\/div>\r\r\n    \r\n<\/div>\r\r\n[vc_empty_space height=&#8221;22px&#8221;]<div id=\"cshero-fancybox69fdd4b47526b_1778242740\" class=\"cshero-fancybox-wrap  clearfix fancybox-layout5  text-center \" style=\"border-color: transparent;   \">\r\r\n    <style type=\"text\/css\" scoped>\r\r\n        #cshero-fancybox69fdd4b47526b_1778242740.fancybox-layout5:hover .fancy-icon {\r\r\n            background-color: !important;\r\r\n            border-color: !important;\r\r\n            color:style-1 !important;\r\r\n        }\r\r\n\r\r\n        #cshero-fancybox69fdd4b47526b_1778242740.fancybox-layout5 .fancy-icon.icon-hover-style-1:after{\r\r\n    \t\t-webkit-border-radius:;\r\r\n    \t\t-moz-border-radius:;\r\r\n    \t\t-ms-border-radius:;\r\r\n    \t\t-o-border-radius:;\r\r\n    \t\tborder-radius:;\r\r\n    \t\tbackground-color:;\r\r\n    \t\tborder-width:;\r\r\n    \t\tborder-style:none;\r\r\n    \t\tborder-color:;\r\r\n\t   }\r\r\n        \r\n\r\r\n        \r\r\n        #cshero-fancybox69fdd4b47526b_1778242740:hover,\r\r\n        #cshero-fancybox69fdd4b47526b_1778242740:active,\r\r\n        #cshero-fancybox69fdd4b47526b_1778242740:focus {\r\r\n            \r\n\r\r\n            \r\n        }\r\r\n\r\r\n        \r\n\r\r\n       \r\n       \r\n\t<\/style>\r\r\n    <div class=\"cshero-fancybox-title-image\">\r\r\n        \r\n        \r\n            <i class=\"fancy-icon icon-hover-style-1 fa fa fa-envelope\" style=\"text-align:center; display:inline-block; font-size: 35px; color: #333333;     border-style: none;  \"><\/i>\r\r\n        \r\n        \r\n        <h4 class=\"cshero-fancybox-title-wrap\" style=\"  text-transform: inherit;\">\r\r\n            <span class=\"cshero-title-main\"><\/span>\r\r\n        <\/h4>\r\r\n        \r\n    <\/div>\r\r\n    \r\n        <div class=\"cshero-fancybox-content\">\r\r\n            \r\n                <div class=\"content\">\r\r\n                    <\/p>\n<p style=\"text-align: center;\"><a href=\"mailto:prensa@mamencomunicacion.com\">prensa@mamencomunicacion.com<\/a><\/p>\n<p>\r\n                <\/div>\r\r\n            \r\n            \r\r\n            \r\n        <\/div>\r\r\n    \r\n<\/div>\r\r\n[vc_empty_space height=&#8221;22px&#8221;][\/vc_column][vc_column width=&#8221;1\/3&#8243; animation=&#8221;&#8221; text_align=&#8221;&#8221; column_style=&#8221;&#8221;][vc_column_text]<\/p>\n<p style=\"text-align: center;\"><a href=\"https:\/\/www.facebook.com\/pages\/Mamen-Comunicaci%C3%B3n\/245366368893401\" target=\"_blank\"><img loading=\"lazy\" decoding=\"async\" class=\"wp-image-16927\" src=\"https:\/\/www.mamencomunicacion.com\/wp-content\/uploads\/2015\/08\/facebook29.png\" alt=\"facebook29\" width=\"41\" height=\"41\" \/><\/a>\u00a0\u00a0 <a href=\"https:\/\/twitter.com\/mamencomunica\" target=\"_blank\"><img loading=\"lazy\" decoding=\"async\" class=\"wp-image-16930\" src=\"https:\/\/www.mamencomunicacion.com\/wp-content\/uploads\/2015\/08\/youtube18.png\" alt=\"youtube18\" width=\"41\" height=\"41\" \/> \u00a0<img loading=\"lazy\" decoding=\"async\" class=\"wp-image-16929\" src=\"https:\/\/www.mamencomunicacion.com\/wp-content\/uploads\/2015\/08\/twitter1.png\" alt=\"twitter1\" width=\"41\" height=\"41\" \/><\/a>\u00a0\u00a0<a href=\"https:\/\/instagram.com\/mamencomunicacion\/\" target=\"_blank\"><img loading=\"lazy\" decoding=\"async\" class=\"wp-image-16928\" src=\"https:\/\/www.mamencomunicacion.com\/wp-content\/uploads\/2015\/08\/instagram12.png\" alt=\"instagram12\" width=\"41\" height=\"41\" \/><\/a><\/p>\n<p>[\/vc_column_text][\/vc_column][vc_column width=&#8221;1\/3&#8243; animation=&#8221;&#8221; text_align=&#8221;&#8221; column_style=&#8221;&#8221;][vc_column_text]<\/p>\n<h4 style=\"text-align: center;\">Contacta con nosotros<\/h4>\n<p>[\/vc_column_text]\n<div class=\"wpcf7 no-js\" id=\"wpcf7-f5-o1\" lang=\"es-ES\" dir=\"ltr\" data-wpcf7-id=\"5\">\n<div class=\"screen-reader-response\"><p role=\"status\" aria-live=\"polite\" aria-atomic=\"true\"><\/p> <ul><\/ul><\/div>\n<form action=\"\/index.php\/wp-json\/wp\/v2\/pages\/16899#wpcf7-f5-o1\" method=\"post\" class=\"wpcf7-form init default\" aria-label=\"Formulario de contacto\" novalidate=\"novalidate\" data-status=\"init\">\n<fieldset class=\"hidden-fields-container\"><input type=\"hidden\" name=\"_wpcf7\" value=\"5\" \/><input type=\"hidden\" name=\"_wpcf7_version\" value=\"6.1.5\" \/><input type=\"hidden\" name=\"_wpcf7_locale\" value=\"es_ES\" \/><input type=\"hidden\" name=\"_wpcf7_unit_tag\" value=\"wpcf7-f5-o1\" \/><input type=\"hidden\" name=\"_wpcf7_container_post\" value=\"0\" \/><input type=\"hidden\" name=\"_wpcf7_posted_data_hash\" value=\"\" \/>\n<\/fieldset>\n<p>Su nombre (requerido)\n<\/p>\n<p><span class=\"wpcf7-form-control-wrap\" data-name=\"your-name\"><input size=\"40\" maxlength=\"400\" class=\"wpcf7-form-control wpcf7-text wpcf7-validates-as-required\" aria-required=\"true\" aria-invalid=\"false\" value=\"\" type=\"text\" name=\"your-name\" \/><\/span>\n<\/p>\n<p>Su e-mail (requerido)\n<\/p>\n<p><span class=\"wpcf7-form-control-wrap\" data-name=\"your-email\"><input size=\"40\" maxlength=\"400\" class=\"wpcf7-form-control wpcf7-email wpcf7-validates-as-required wpcf7-text wpcf7-validates-as-email\" aria-required=\"true\" aria-invalid=\"false\" value=\"\" type=\"email\" name=\"your-email\" \/><\/span>\n<\/p>\n<p>Asunto\n<\/p>\n<p><span class=\"wpcf7-form-control-wrap\" data-name=\"your-subject\"><input size=\"40\" maxlength=\"400\" class=\"wpcf7-form-control wpcf7-text\" aria-invalid=\"false\" value=\"\" type=\"text\" name=\"your-subject\" \/><\/span>\n<\/p>\n<p>Su mensaje\n<\/p>\n<p><span class=\"wpcf7-form-control-wrap\" data-name=\"your-message\"><textarea cols=\"40\" rows=\"10\" maxlength=\"2000\" class=\"wpcf7-form-control wpcf7-textarea\" aria-invalid=\"false\" name=\"your-message\"><\/textarea><\/span>\n<\/p>\n<p><br \/>\n<span><span class=\"wpcf7-form-control-wrap\" data-name=\"acceptance-279\"><span class=\"wpcf7-form-control wpcf7-acceptance\"><span class=\"wpcf7-list-item\"><input type=\"checkbox\" name=\"acceptance-279\" value=\"1\" aria-invalid=\"false\" \/><\/span><\/span><\/span> He le\u00eddo y acepto el <a target=\"_blank\" rel=\"nofollow noopener noreferrer\" href=\"https:\/\/www.mamencomunicacion.com\/avisos-legales\">Aviso Legal<\/a> y la <a target=\"_blank\" rel=\"nofollow noopener noreferrer\" href=\"https:\/\/www.mamencomunicacion.com\/politica-de-privacidad\">Pol\u00edtica de Privacidad<\/a>.<\/span>\n<\/p>\n<p><span><span class=\"wpcf7-form-control-wrap\" data-name=\"acceptance-415\"><span class=\"wpcf7-form-control wpcf7-acceptance\"><span class=\"wpcf7-list-item\"><input type=\"checkbox\" name=\"acceptance-415\" value=\"1\" aria-invalid=\"false\" \/><\/span><\/span><\/span> Acepto recibir la informaci\u00f3n que la entidad considere oportuno enviarme por correo electr\u00f3nico o medio de comunicaci\u00f3n electr\u00f3nica equivalente. (Es posible darse de baja en cualquier momento).<\/span><br \/>\n[\"Al usar este formulario accedes al almacenamiento y gesti\u00f3n de tus datos por parte de esta web.\"]\n<\/p>\n<p><input class=\"wpcf7-form-control wpcf7-submit has-spinner\" type=\"submit\" value=\"Enviar\" \/>\n<\/p><p style=\"display: none !important;\" class=\"akismet-fields-container\" data-prefix=\"_wpcf7_ak_\"><label>&#916;<textarea name=\"_wpcf7_ak_hp_textarea\" cols=\"45\" rows=\"8\" maxlength=\"100\"><\/textarea><\/label><input type=\"hidden\" id=\"ak_js_1\" name=\"_wpcf7_ak_js\" value=\"60\"\/><script>document.getElementById( \"ak_js_1\" ).setAttribute( \"value\", ( new Date() ).getTime() );<\/script><\/p><div class=\"wpcf7-response-output\" aria-hidden=\"true\"><\/div>\n<\/form>\n<\/div>\n[\/vc_column][\/vc_row][vc_row full_width=&#8221;false&#8221; parallax=&#8221;&#8221; parallax_image=&#8221;&#8221; bg_attachment=&#8221;&#8221; bg_repeat=&#8221;&#8221; row_responsive_large=&#8221;&#8221; row_responsive_medium=&#8221;&#8221; row_responsive_small=&#8221;&#8221; row_responsive_extra_small=&#8221;&#8221; dt_id=&#8221;&#8221; row_head_color=&#8221;&#8221; row_link_color=&#8221;&#8221; row_link_color_hover=&#8221;&#8221; animation=&#8221;&#8221; type=&#8221;&#8221; enable_parallax=&#8221;&#8221; parallax_speed=&#8221;0.8&#8243; bg_video_color=&#8221;&#8221; poster=&#8221;&#8221; loop=&#8221;&#8221; autoplay=&#8221;&#8221; muted=&#8221;&#8221; controls=&#8221;&#8221; show_btn=&#8221;&#8221; bg_video_src_mp4=&#8221;&#8221; bg_video_src_ogv=&#8221;&#8221; bg_video_src_webm=&#8221;&#8221;][vc_column width=&#8221;1\/1&#8243; animation=&#8221;&#8221; text_align=&#8221;&#8221; column_style=&#8221;&#8221;][\/vc_column][\/vc_row]<\/p>\n<\/div>","protected":false},"excerpt":{"rendered":"<p>[vc_row full_width=&#8221;false&#8221; parallax=&#8221;&#8221; parallax_image=&#8221;&#8221; bg_attachment=&#8221;&#8221; bg_repeat=&#8221;&#8221; row_responsive_large=&#8221;&#8221; row_responsive_medium=&#8221;&#8221; row_responsive_small=&#8221;&#8221; row_responsive_extra_small=&#8221;&#8221; dt_id=&#8221;&#8221; row_head_color=&#8221;&#8221; row_link_color=&#8221;&#8221; row_link_color_hover=&#8221;&#8221; animation=&#8221;&#8221; type=&#8221;&#8221; enable_parallax=&#8221;&#8221; parallax_speed=&#8221;0.8&#8243; bg_video_color=&#8221;&#8221; poster=&#8221;&#8221; loop=&#8221;&#8221; autoplay=&#8221;&#8221; muted=&#8221;&#8221; controls=&#8221;&#8221; show_btn=&#8221;&#8221; bg_video_src_mp4=&#8221;&#8221; bg_video_src_ogv=&#8221;&#8221; bg_video_src_webm=&#8221;&#8221;][vc_column width=&#8221;1\/1&#8243; animation=&#8221;&#8221; text_align=&#8221;&#8221; column_style=&#8221;&#8221;][vc_column_text] Si quieres ponerte en contacto con nosotros ponemos a tu disposici\u00f3n diferentes canales. Muchas gracias [\/vc_column_text][vc_empty_space height=&#8221;42px&#8221;][\/vc_column][\/vc_row][vc_row full_width=&#8221;false&#8221; parallax=&#8221;&#8221; parallax_image=&#8221;&#8221; bg_attachment=&#8221;&#8221; bg_repeat=&#8221;&#8221; row_responsive_large=&#8221;&#8221; [&hellip;]<\/p>\n","protected":false},"author":5,"featured_media":0,"parent":0,"menu_order":0,"comment_status":"closed","ping_status":"closed","template":"","meta":{"footnotes":""},"class_list":["post-16899","page","type-page","status-publish","hentry"],"_links":{"self":[{"href":"https:\/\/www.mamencomunicacion.com\/index.php\/wp-json\/wp\/v2\/pages\/16899","targetHints":{"allow":["GET"]}}],"collection":[{"href":"https:\/\/www.mamencomunicacion.com\/index.php\/wp-json\/wp\/v2\/pages"}],"about":[{"href":"https:\/\/www.mamencomunicacion.com\/index.php\/wp-json\/wp\/v2\/types\/page"}],"author":[{"embeddable":true,"href":"https:\/\/www.mamencomunicacion.com\/index.php\/wp-json\/wp\/v2\/users\/5"}],"replies":[{"embeddable":true,"href":"https:\/\/www.mamencomunicacion.com\/index.php\/wp-json\/wp\/v2\/comments?post=16899"}],"version-history":[{"count":42,"href":"https:\/\/www.mamencomunicacion.com\/index.php\/wp-json\/wp\/v2\/pages\/16899\/revisions"}],"predecessor-version":[{"id":17203,"href":"https:\/\/www.mamencomunicacion.com\/index.php\/wp-json\/wp\/v2\/pages\/16899\/revisions\/17203"}],"wp:attachment":[{"href":"https:\/\/www.mamencomunicacion.com\/index.php\/wp-json\/wp\/v2\/media?parent=16899"}],"curies":[{"name":"wp","href":"https:\/\/api.w.org\/{rel}","templated":true}]}}